{"id":520,"date":"2016-06-24T13:58:04","date_gmt":"2016-06-24T13:58:04","guid":{"rendered":"https:\/\/g-style.md\/?page_id=520"},"modified":"2020-01-02T15:45:02","modified_gmt":"2020-01-02T13:45:02","slug":"antirain","status":"publish","type":"page","link":"https:\/\/g-style.md\/ro\/antirain\/","title":{"rendered":"Anti-ploaie"},"content":{"rendered":"<p>[vc_row full_width=&#8221;stretch_row&#8221; css=&#8221;.vc_custom_1463211315750{padding-top: 40px !important;padding-bottom: 40px !important;background-color: #e8e8e8 !important;}&#8221;][vc_column el_class=&#8221;post-animated fadeInUp&#8221;][vc_column_text]<\/p>\n<h2 class=\"title-border text-center color-black text-uppercase\"><strong>Anti-ploaie<\/strong><\/h2>\n<p>[\/vc_column_text][vc_column_text]<\/p>\n<p style=\"text-align: center;\">Faptul c\u0103 ploaia reduce vizibilitatea \u0219i \u00eempiedic\u0103 \u0219oferii s\u0103 conduc\u0103 sigur automobilul, nu este un secret pentru nimeni. Situa\u021bia devine \u0219i mai grav\u0103, mai ales c\u00e2nd apar b\u0103ltoacele pe drum, \u0219i nu doar pentru c\u0103 ro\u021bile nu ader\u0103 bine de suprafa\u021ba drumului, dar \u0219i din motiv c\u0103 fluxul apei \u0219i noroiului direc\u021bionat spre parbriz \u0219i geamuri \u00eenr\u0103ut\u0103\u021besc vizibilitatea \u0219i \u0219ansele de a reac\u021biona rapid \u0219i adecvat \u00een diferite situa\u021bii.<\/p>\n<p style=\"text-align: center;\">Evident c\u0103 un parbriz nou \u0219i un set de \u0219terg\u0103toare noi o s\u0103 rezolve aceast\u0103 problem\u0103 dar o s\u0103 v\u0103 coste destul de scump. Cu c\u00e2\u021biva ani \u00een urm\u0103 a fost inventat\u0103 o solu\u021bie pentru aceast\u0103 problem\u0103, \u0219i anume produsul ,, Anti-ploaie\u201d. Produsul\u00a0 con\u021bine substan\u021be specifice care ac\u021bioneaz\u0103 asupra pic\u0103turilor de ap\u0103 \u00een a\u0219a mod \u00eenc\u00e2t ele se scurg rapid de pe geamuri odat\u0103 ce exist\u0103 un flux de aer, astfel \u00eembun\u0103t\u0103\u021bind vizibilitatea pentru \u0219ofer.<\/p>\n<p>[\/vc_column_text][\/vc_column][\/vc_row][vc_row][vc_column][vc_column_text]<br \/>\n[\/vc_column_text][\/vc_column][\/vc_row][vc_row full_width=&#8221;stretch_row&#8221; css=&#8221;.vc_custom_1513936428847{padding-top: 20px !important;padding-bottom: 20px !important;background-color: #414040 !important;}&#8221;][vc_column css=&#8221;.vc_custom_1517919336442{padding-top: 40px !important;padding-bottom: 40px !important;background-position: center !important;background-repeat: no-repeat !important;background-size: cover !important;}&#8221; offset=&#8221;vc_col-lg-offset-1 vc_col-lg-11 vc_col-md-offset-1 vc_col-md-11&#8243; el_class=&#8221;post-animated text-center&#8221;][vc_column_text]<\/p>\n<div style=\"position: relative; padding-bottom: 56.25%; padding-top: 30px; height: 0; overflow: hidden; margin-right: 80px;\"><iframe style=\"position: absolute; top: 0; left: 0; width: 100%; height: 100%;\" src=\"https:\/\/www.youtube.com\/embed\/CerAxm6W9yw?rel=0\" width=\"560\" height=\"315\" frameborder=\"0\" allowfullscreen=\"allowfullscreen\"><\/iframe><\/div>\n<p>[\/vc_column_text][\/vc_column][\/vc_row][vc_row][vc_column][vc_column_text]<br \/>\n[\/vc_column_text][\/vc_column][\/vc_row][vc_row full_width=&#8221;stretch_row&#8221; parallax=&#8221;content-moving&#8221; css=&#8221;.vc_custom_1463164072557{padding-top: 40px !important;padding-bottom: 40px !important;background-color: #f0a800 !important;}&#8221;][vc_column offset=&#8221;vc_col-lg-offset-2 vc_col-lg-8 vc_col-md-offset-2 vc_col-md-8&#8243; el_class=&#8221;post-animated fadeInUp &#8222;][vc_single_image image=&#8221;89&#8243; img_size=&#8221;full&#8221; alignment=&#8221;center&#8221;][vc_column_text]<\/p>\n<h3 style=\"text-align: center;\"><span style=\"color: #ffffff;\">Pentru mai multe detalii contacta\u021bi-ne!<\/span><\/h3>\n<h3 style=\"text-align: center;\"><span style=\"color: #ffffff;\"><b>+373 79 202 597<\/b><\/span><\/h3>\n<p>[\/vc_column_text][vc_column_text]<\/p>\n<p><center><a class=\"btn btn-custom\" href=\"#\" data-toggle=\"modal\" data-target=\"#modal-1\">COMANDA APEL<\/a><\/center>[\/vc_column_text][\/vc_column][\/vc_row]<\/p>","protected":false},"excerpt":{"rendered":"<p>[vc_row full_width=&#8221;stretch_row&#8221; css=&#8221;.vc_custom_1463211315750{padding-top: 40px !important;padding-bottom: 40px !important;background-color: #e8e8e8 !important;}&#8221;][vc_column el_class=&#8221;post-animated fadeInUp&#8221;][vc_column_text] Anti-ploaie [\/vc_column_text][vc_column_text] Faptul c\u0103 ploaia reduce vizibilitatea \u0219i \u00eempiedic\u0103 \u0219oferii s\u0103 conduc\u0103 sigur automobilul, nu este un secret pentru nimeni. Situa\u021bia devine \u0219i mai grav\u0103, mai ales c\u00e2nd apar b\u0103ltoacele pe drum, \u0219i nu doar pentru c\u0103 ro\u021bile nu ader\u0103 bine de suprafa\u021ba drumului, &hellip;<\/p>\n","protected":false},"author":1,"featured_media":0,"parent":0,"menu_order":0,"comment_status":"closed","ping_status":"closed","template":"","meta":{"ngg_post_thumbnail":0,"footnotes":""},"class_list":["post-520","page","type-page","status-publish","hentry"],"_links":{"self":[{"href":"https:\/\/g-style.md\/ro\/wp-json\/wp\/v2\/pages\/520","targetHints":{"allow":["GET"]}}],"collection":[{"href":"https:\/\/g-style.md\/ro\/wp-json\/wp\/v2\/pages"}],"about":[{"href":"https:\/\/g-style.md\/ro\/wp-json\/wp\/v2\/types\/page"}],"author":[{"embeddable":true,"href":"https:\/\/g-style.md\/ro\/wp-json\/wp\/v2\/users\/1"}],"replies":[{"embeddable":true,"href":"https:\/\/g-style.md\/ro\/wp-json\/wp\/v2\/comments?post=520"}],"version-history":[{"count":24,"href":"https:\/\/g-style.md\/ro\/wp-json\/wp\/v2\/pages\/520\/revisions"}],"predecessor-version":[{"id":1603,"href":"https:\/\/g-style.md\/ro\/wp-json\/wp\/v2\/pages\/520\/revisions\/1603"}],"wp:attachment":[{"href":"https:\/\/g-style.md\/ro\/wp-json\/wp\/v2\/media?parent=520"}],"curies":[{"name":"wp","href":"https:\/\/api.w.org\/{rel}","templated":true}]}}