{"id":417,"date":"2016-05-14T09:30:45","date_gmt":"2016-05-14T09:30:45","guid":{"rendered":"https:\/\/g-style.md\/?page_id=417"},"modified":"2020-01-02T15:42:40","modified_gmt":"2020-01-02T13:42:40","slug":"auto-light","status":"publish","type":"page","link":"https:\/\/g-style.md\/ro\/auto-light\/","title":{"rendered":"Lumin\u0103 pentru automobil"},"content":{"rendered":"<p>[vc_row full_width=&#8221;stretch_row&#8221; css=&#8221;.vc_custom_1463211315750{padding-top: 40px !important;padding-bottom: 40px !important;background-color: #e8e8e8 !important;}&#8221;][vc_column el_class=&#8221;post-animated fadeInUp&#8221;][vc_column_text]<\/p>\n<h2 class=\"title-border text-center color-black text-uppercase\"><strong>Lumin\u0103 pentru automobil<\/strong><\/h2>\n<p>[\/vc_column_text][vc_column_text]<\/p>\n<p style=\"text-align: center;\"><strong>Noi v\u0103 oferim:<\/strong><\/p>\n<p style=\"text-align: center;\">Angel eyes;<\/p>\n<p style=\"text-align: center;\">Iluminarea interiorului;<\/p>\n<p style=\"text-align: center;\">Iluminarea pl\u0103cii de \u00eenmatriculare.<\/p>\n<p>[\/vc_column_text][\/vc_column][\/vc_row][vc_row full_width=&#8221;stretch_row&#8221; css=&#8221;.vc_custom_1463211153659{padding-top: 40px !important;padding-bottom: 40px !important;background-color: #414040 !important;}&#8221;][vc_column css=&#8221;.vc_custom_1463219604753{padding-top: 40px !important;padding-bottom: 40px !important;background-position: center !important;background-repeat: no-repeat !important;background-size: cover !important;}&#8221; offset=&#8221;vc_col-lg-offset-1 vc_col-lg-11 vc_col-md-offset-1 vc_col-md-11&#8243; el_class=&#8221;post-animated fadeInLeft &#8222;][cq_vc_dagallery images=&#8221;418,419,420,421,422,423,424,425,426&#8243; thumbtitle=&#8221;&#8221; thumbdesc=&#8221;&#8221; color=&#8221;#ffffff&#8221; background=&#8221;#f0a800&#8243;][\/vc_column][\/vc_row][vc_row full_width=&#8221;stretch_row&#8221; parallax=&#8221;content-moving&#8221; css=&#8221;.vc_custom_1463164072557{padding-top: 40px !important;padding-bottom: 40px !important;background-color: #f0a800 !important;}&#8221;][vc_column offset=&#8221;vc_col-lg-offset-2 vc_col-lg-8 vc_col-md-offset-2 vc_col-md-8&#8243; el_class=&#8221;post-animated fadeInLeft&#8221;][vc_single_image image=&#8221;89&#8243; img_size=&#8221;full&#8221; alignment=&#8221;center&#8221;][vc_column_text]<\/p>\n<h3 style=\"text-align: center;\"><span style=\"color: #ffffff;\">Pentru mai multe detalii contacta\u021bi-ne!<\/span><\/h3>\n<h3 style=\"text-align: center;\"><span style=\"color: #ffffff;\"><b>+373 79 202 597<\/b><\/span><\/h3>\n<p>[\/vc_column_text][vc_column_text]<\/p>\n<p><center><a class=\"btn btn-custom\" href=\"#\" data-toggle=\"modal\" data-target=\"#modal-1\">COMANDA APEL<\/a><\/center>[\/vc_column_text][\/vc_column][\/vc_row]<\/p>","protected":false},"excerpt":{"rendered":"<p>[vc_row full_width=&#8221;stretch_row&#8221; css=&#8221;.vc_custom_1463211315750{padding-top: 40px !important;padding-bottom: 40px !important;background-color: #e8e8e8 !important;}&#8221;][vc_column el_class=&#8221;post-animated fadeInUp&#8221;][vc_column_text] Lumin\u0103 pentru automobil [\/vc_column_text][vc_column_text] Noi v\u0103 oferim: Angel eyes; Iluminarea interiorului; Iluminarea pl\u0103cii de \u00eenmatriculare. [\/vc_column_text][\/vc_column][\/vc_row][vc_row full_width=&#8221;stretch_row&#8221; css=&#8221;.vc_custom_1463211153659{padding-top: 40px !important;padding-bottom: 40px !important;background-color: #414040 !important;}&#8221;][vc_column css=&#8221;.vc_custom_1463219604753{padding-top: 40px !important;padding-bottom: 40px !important;background-position: center !important;background-repeat: no-repeat !important;background-size: cover !important;}&#8221; offset=&#8221;vc_col-lg-offset-1 vc_col-lg-11 vc_col-md-offset-1 vc_col-md-11&#8243; el_class=&#8221;post-animated fadeInLeft &#8222;][cq_vc_dagallery images=&#8221;418,419,420,421,422,423,424,425,426&#8243; thumbtitle=&#8221;&#8221; &hellip;<\/p>\n","protected":false},"author":1,"featured_media":0,"parent":0,"menu_order":0,"comment_status":"closed","ping_status":"closed","template":"","meta":{"ngg_post_thumbnail":0,"footnotes":""},"class_list":["post-417","page","type-page","status-publish","hentry"],"_links":{"self":[{"href":"https:\/\/g-style.md\/ro\/wp-json\/wp\/v2\/pages\/417","targetHints":{"allow":["GET"]}}],"collection":[{"href":"https:\/\/g-style.md\/ro\/wp-json\/wp\/v2\/pages"}],"about":[{"href":"https:\/\/g-style.md\/ro\/wp-json\/wp\/v2\/types\/page"}],"author":[{"embeddable":true,"href":"https:\/\/g-style.md\/ro\/wp-json\/wp\/v2\/users\/1"}],"replies":[{"embeddable":true,"href":"https:\/\/g-style.md\/ro\/wp-json\/wp\/v2\/comments?post=417"}],"version-history":[{"count":14,"href":"https:\/\/g-style.md\/ro\/wp-json\/wp\/v2\/pages\/417\/revisions"}],"predecessor-version":[{"id":1598,"href":"https:\/\/g-style.md\/ro\/wp-json\/wp\/v2\/pages\/417\/revisions\/1598"}],"wp:attachment":[{"href":"https:\/\/g-style.md\/ro\/wp-json\/wp\/v2\/media?parent=417"}],"curies":[{"name":"wp","href":"https:\/\/api.w.org\/{rel}","templated":true}]}}