{"id":302,"date":"2016-05-14T07:51:59","date_gmt":"2016-05-14T07:51:59","guid":{"rendered":"https:\/\/g-style.md\/?page_id=302"},"modified":"2018-08-04T07:07:04","modified_gmt":"2018-08-04T07:07:04","slug":"xenon","status":"publish","type":"page","link":"https:\/\/g-style.md\/ro\/xenon\/","title":{"rendered":"Xenon"},"content":{"rendered":"<p>[vc_row full_width=&#8221;stretch_row&#8221; css=&#8221;.vc_custom_1463211315750{padding-top: 40px !important;padding-bottom: 40px !important;background-color: #e8e8e8 !important;}&#8221;][vc_column el_class=&#8221;post-animated fadeInUp&#8221;][vc_column_text]<\/p>\n<h2 class=\"title-border text-center color-black text-uppercase\"><strong>Xenon<\/strong><\/h2>\n<p>[\/vc_column_text][vc_column_text]<\/p>\n<p style=\"text-align: center;\">Serviciul de instalare a becurilor Xenon devine din ce \u00een ce mai popular, iar farurile cu becuri xenon sunt prezente la majoritatea ma\u0219inilor noi. Evident, farurile cu becuri Xenon arat\u0103 elegant \u0219i stilat, dar nu aceste caracteristici definesc popularitatea lor. Pe l\u00e2ng\u0103 exteriorul atractiv, becurile Xenon au o multitudine de avantaje func\u021bionale.<\/p>\n<p style=\"text-align: center;\">Farurile echipate cu becuri Xenon se deosebesc de cele obi\u0219nuite prin puterea de iluminare avansat\u0103, lungimea \u0219i l\u0103\u021bimea fluxului luminos, de aceea \u0219oferii care au faruri cu becuri Xenon au o vizibilitate mai bun\u0103 pe timp de noapte sau \u00een condi\u021bii meteorologice nefavorabile. Puterea farurilor cu becuri Xenon este de 3 ori mai mare dec\u00e2t a becurilor halogen. \u00cen plus becurile Xenon folosesc mai pu\u021bin\u0103 energie dec\u00e2t becurile ordinare, au o lumin\u0103 mai moale, \u0219i sunt mai bine percepute de \u0219oferii vehiculelor din sens opus, astfel \u00eenc\u00e2t riscul de a provoca o situa\u021bie de accident este mai mic.<\/p>\n<p>&nbsp;<\/p>\n<p style=\"text-align: center;\"><strong>Durata de via\u021b\u0103 a becului xenon este de la 3000 de ore.<\/strong><\/p>\n<p>[\/vc_column_text][\/vc_column][\/vc_row][vc_row full_width=&#8221;stretch_row&#8221; css=&#8221;.vc_custom_1463211153659{padding-top: 40px !important;padding-bottom: 40px !important;background-color: #414040 !important;}&#8221;][vc_column css=&#8221;.vc_custom_1463220014214{padding-top: 40px !important;padding-bottom: 40px !important;background-position: center !important;background-repeat: no-repeat !important;background-size: cover !important;}&#8221; offset=&#8221;vc_col-lg-offset-1 vc_col-lg-11 vc_col-md-offset-1 vc_col-md-11&#8243; el_class=&#8221;post-animated fadeInLeft &#8222;][cq_vc_dagallery images=&#8221;334,336,338&#8243; thumbtitle=&#8221;&#8221; thumbdesc=&#8221;&#8221; color=&#8221;#ffffff&#8221; background=&#8221;#f0a800&#8243;][\/vc_column][\/vc_row][vc_row full_width=&#8221;stretch_row&#8221; parallax=&#8221;content-moving&#8221; css=&#8221;.vc_custom_1463164072557{padding-top: 40px !important;padding-bottom: 40px !important;background-color: #f0a800 !important;}&#8221;][vc_column offset=&#8221;vc_col-lg-offset-1 vc_col-lg-11 vc_col-md-offset-1 vc_col-md-11&#8243; el_class=&#8221;post-animated fadeInUp &#8222;][vc_single_image image=&#8221;89&#8243; img_size=&#8221;full&#8221; alignment=&#8221;center&#8221;][vc_column_text]<\/p>\n<h2 style=\"text-align: center;\"><span style=\"color: #ffffff;\">Pre\u021burile pentru echipamentul Xenon<\/span><\/h2>\n<p>&nbsp;<\/p>\n<p id=\"news-id-22\" style=\"text-align: center;\"><span style=\"color: #ffffff;\">Kit Xenon &#8211; de la 50 USD<\/span><br \/>\n<span style=\"color: #ffffff;\">Kit Bi-Xenon \u2014 de la 80 USD<\/span><br \/>\n<span style=\"color: #ffffff;\">Instalare \u2014 de la 15 p\u00e2n\u0103 la 30 USD, \u00een func\u021bie de complexitatea lucr\u0103rilor. De asemenea, sunt disponibile seturi Xenon de genera\u021bie nou\u0103 brand HYLUXTEK.<\/span><\/p>\n<p style=\"text-align: center;\"><span style=\"color: #ffffff;\">Pre\u021burile men\u021bionate mai sus pot varia \u00een func\u021bie de complexitatea instala\u021biei.<\/span><\/p>\n<p>[\/vc_column_text][vc_column_text]<\/p>\n<p><center><a class=\"btn btn-custom\" href=\"#\" data-toggle=\"modal\" data-target=\"#modal-1\">COMANDA APEL<\/a><\/center>[\/vc_column_text][\/vc_column][\/vc_row]<\/p>","protected":false},"excerpt":{"rendered":"<p>[vc_row full_width=&#8221;stretch_row&#8221; css=&#8221;.vc_custom_1463211315750{padding-top: 40px !important;padding-bottom: 40px !important;background-color: #e8e8e8 !important;}&#8221;][vc_column el_class=&#8221;post-animated fadeInUp&#8221;][vc_column_text] Xenon [\/vc_column_text][vc_column_text] Serviciul de instalare a becurilor Xenon devine din ce \u00een ce mai popular, iar farurile cu becuri xenon sunt prezente la majoritatea ma\u0219inilor noi. Evident, farurile cu becuri Xenon arat\u0103 elegant \u0219i stilat, dar nu aceste caracteristici definesc popularitatea lor. Pe l\u00e2ng\u0103 &hellip;<\/p>\n","protected":false},"author":1,"featured_media":0,"parent":0,"menu_order":0,"comment_status":"closed","ping_status":"closed","template":"","meta":{"ngg_post_thumbnail":0,"footnotes":""},"class_list":["post-302","page","type-page","status-publish","hentry"],"_links":{"self":[{"href":"https:\/\/g-style.md\/ro\/wp-json\/wp\/v2\/pages\/302","targetHints":{"allow":["GET"]}}],"collection":[{"href":"https:\/\/g-style.md\/ro\/wp-json\/wp\/v2\/pages"}],"about":[{"href":"https:\/\/g-style.md\/ro\/wp-json\/wp\/v2\/types\/page"}],"author":[{"embeddable":true,"href":"https:\/\/g-style.md\/ro\/wp-json\/wp\/v2\/users\/1"}],"replies":[{"embeddable":true,"href":"https:\/\/g-style.md\/ro\/wp-json\/wp\/v2\/comments?post=302"}],"version-history":[{"count":46,"href":"https:\/\/g-style.md\/ro\/wp-json\/wp\/v2\/pages\/302\/revisions"}],"predecessor-version":[{"id":1462,"href":"https:\/\/g-style.md\/ro\/wp-json\/wp\/v2\/pages\/302\/revisions\/1462"}],"wp:attachment":[{"href":"https:\/\/g-style.md\/ro\/wp-json\/wp\/v2\/media?parent=302"}],"curies":[{"name":"wp","href":"https:\/\/api.w.org\/{rel}","templated":true}]}}